{"id":3085,"date":"2016-04-09T20:53:28","date_gmt":"2016-04-09T20:53:28","guid":{"rendered":"http:\/\/blasket.hazelheritage.com\/wordpress\/?page_id=3085"},"modified":"2024-12-20T16:36:24","modified_gmt":"2024-12-20T16:36:24","slug":"na-hoileain","status":"publish","type":"page","link":"https:\/\/www.blaskets.ie\/ga\/na-hoileain\/","title":{"rendered":"Na hOile\u00e1in"},"content":{"rendered":"<p>[et_pb_section fb_built=&#8221;1&#8243; custom_padding_last_edited=&#8221;on|desktop&#8221; admin_label=&#8221;section&#8221; _builder_version=&#8221;4.16&#8243; background_color=&#8221;#65a1d7&#8243; custom_padding_tablet=&#8221;50px|0|50px|0&#8243; custom_padding_phone=&#8221;&#8221; transparent_background=&#8221;off&#8221; padding_mobile=&#8221;off&#8221; make_fullwidth=&#8221;off&#8221; use_custom_width=&#8221;off&#8221; width_unit=&#8221;on&#8221; global_colors_info=&#8221;{}&#8221;][et_pb_row admin_label=&#8221;row&#8221; _builder_version=&#8221;4.16&#8243; background_size=&#8221;initial&#8221; background_position=&#8221;top_left&#8221; background_repeat=&#8221;repeat&#8221; global_colors_info=&#8221;{}&#8221;][et_pb_column type=&#8221;4_4&#8243; _builder_version=&#8221;4.16&#8243; custom_padding=&#8221;|||&#8221; global_colors_info=&#8221;{}&#8221; custom_padding__hover=&#8221;|||&#8221;][et_pb_text admin_label=&#8221;The Islands Header Text&#8221; _builder_version=&#8221;4.16&#8243; text_text_color=&#8221;#000000&#8243; background_size=&#8221;initial&#8221; background_position=&#8221;top_left&#8221; background_repeat=&#8221;repeat&#8221; background_layout=&#8221;dark&#8221; use_border_color=&#8221;off&#8221; border_color=&#8221;#ffffff&#8221; border_style=&#8221;solid&#8221; global_colors_info=&#8221;{}&#8221;]<\/p>\n<h1>Na hOile\u00e1in<\/h1>\n<p>[\/et_pb_text][\/et_pb_column][\/et_pb_row][\/et_pb_section][et_pb_section fb_built=&#8221;1&#8243; custom_padding_last_edited=&#8221;on|desktop&#8221; _builder_version=&#8221;4.16&#8243; background_image=&#8221;http:\/\/blasket.ie\/wp-content\/uploads\/2016\/03\/1024px-Great-Blasket-Island-2012-e1460235433294-1.jpg&#8221; custom_padding_tablet=&#8221;50px|0|50px|0&#8243; custom_padding_phone=&#8221;&#8221; transparent_background=&#8221;off&#8221; padding_mobile=&#8221;off&#8221; make_fullwidth=&#8221;off&#8221; use_custom_width=&#8221;off&#8221; width_unit=&#8221;on&#8221; global_colors_info=&#8221;{}&#8221;][et_pb_row _builder_version=&#8221;4.16&#8243; background_size=&#8221;initial&#8221; background_position=&#8221;top_left&#8221; background_repeat=&#8221;repeat&#8221; global_colors_info=&#8221;{}&#8221;][et_pb_column type=&#8221;4_4&#8243; _builder_version=&#8221;4.16&#8243; custom_padding=&#8221;|||&#8221; global_colors_info=&#8221;{}&#8221; custom_padding__hover=&#8221;|||&#8221;][et_pb_divider show_divider=&#8221;off&#8221; admin_label=&#8221;Island Image Divider&#8221; _builder_version=&#8221;4.16&#8243; height=&#8221;300px&#8221; hide_on_mobile=&#8221;off&#8221; global_colors_info=&#8221;{}&#8221;]<br \/>\n[\/et_pb_divider][\/et_pb_column][\/et_pb_row][\/et_pb_section][et_pb_section fb_built=&#8221;1&#8243; admin_label=&#8221;section&#8221; _builder_version=&#8221;4.16&#8243; background_color=&#8221;rgba(255,255,255,0)&#8221; parallax=&#8221;on&#8221; parallax_method=&#8221;off&#8221; transparent_background=&#8221;on&#8221; global_colors_info=&#8221;{}&#8221;][et_pb_row _builder_version=&#8221;4.16&#8243; background_size=&#8221;initial&#8221; background_position=&#8221;top_left&#8221; background_repeat=&#8221;repeat&#8221; global_colors_info=&#8221;{}&#8221;][et_pb_column type=&#8221;4_4&#8243; _builder_version=&#8221;4.16&#8243; custom_padding=&#8221;|||&#8221; global_colors_info=&#8221;{}&#8221; custom_padding__hover=&#8221;|||&#8221;][et_pb_text admin_label=&#8221;Beiginis Text&#8221; _builder_version=&#8221;4.16&#8243; background_size=&#8221;initial&#8221; background_position=&#8221;top_left&#8221; background_repeat=&#8221;repeat&#8221; text_orientation=&#8221;center&#8221; module_alignment=&#8221;center&#8221; use_border_color=&#8221;off&#8221; border_color=&#8221;#ffffff&#8221; border_style=&#8221;solid&#8221; global_colors_info=&#8221;{}&#8221;]<\/p>\n<h4 style=\"text-align: center;\">Beiginis<\/h4>\n<p style=\"text-align: center;\">An-oile\u00e1n chun f\u00e9ir is ea \u00e9 agus chuireadh na hoile\u00e1naigh beith\u00edgh &#8211; caoirigh agus uain ach go h\u00e1irith &#8211; ar f\u00e9arach ann. T\u00e1 fothrach \u00e1itribh le haoire caorach ar an oile\u00e1n.<\/p>\n<p>[\/et_pb_text][et_pb_divider color=&#8221;#606060&#8243; _builder_version=&#8221;4.16&#8243; hide_on_mobile=&#8221;off&#8221; global_colors_info=&#8221;{}&#8221;]<br \/>\n[\/et_pb_divider][et_pb_text admin_label=&#8221;Tiaracht Text&#8221; _builder_version=&#8221;4.16&#8243; background_size=&#8221;initial&#8221; background_position=&#8221;top_left&#8221; background_repeat=&#8221;repeat&#8221; text_orientation=&#8221;center&#8221; module_alignment=&#8221;center&#8221; use_border_color=&#8221;off&#8221; border_color=&#8221;#ffffff&#8221; border_style=&#8221;solid&#8221; global_colors_info=&#8221;{}&#8221;]<\/p>\n<h4 style=\"text-align: center;\">Tiaracht<\/h4>\n<p style=\"text-align: center;\">An t-oile\u00e1n is sia siar ar fad de na Blascaoda\u00ed. Teach solais ann \u00f3 1870. Bh\u00edodh cl\u00famh \u00f3 \u00e9anlaith na h\u00e1ite seo mar \u00e1bhar leapa ag na hOile\u00e1naigh. Mharait\u00ed fuip\u00edn\u00ed ann chun bia.<\/p>\n<p>[\/et_pb_text][et_pb_divider color=&#8221;#606060&#8243; _builder_version=&#8221;4.16&#8243; hide_on_mobile=&#8221;off&#8221; global_colors_info=&#8221;{}&#8221;]<br \/>\n[\/et_pb_divider][et_pb_text admin_label=&#8221;Tuaisceart Text&#8221; _builder_version=&#8221;4.16&#8243; background_size=&#8221;initial&#8221; background_position=&#8221;top_left&#8221; background_repeat=&#8221;repeat&#8221; text_orientation=&#8221;center&#8221; module_alignment=&#8221;center&#8221; use_border_color=&#8221;off&#8221; border_color=&#8221;#ffffff&#8221; border_style=&#8221;solid&#8221; global_colors_info=&#8221;{}&#8221;]<\/p>\n<h4 style=\"text-align: center;\">Inis Tuaisceart<\/h4>\n<p style=\"text-align: center;\">Bh\u00ed c\u00f3na\u00ed ann chomh fada siar le Luathr\u00e9 na Cr\u00edosta\u00edochta. Fothrach aireagail anseo ar a dtugtar Aireagal Bhr\u00e9anainn. C\u00f3na\u00ed ann ag tr\u00e9imhs\u00ed gairide sa nao\u00fa haois d\u00e9ag. D&#8217;fh\u00e1sta\u00ed pr\u00e1ta\u00ed anseo agus ramhra\u00edt\u00ed caoire.<\/p>\n<p>[\/et_pb_text][et_pb_divider color=&#8221;#606060&#8243; _builder_version=&#8221;4.16&#8243; hide_on_mobile=&#8221;off&#8221; global_colors_info=&#8221;{}&#8221;]<br \/>\n[\/et_pb_divider][et_pb_text admin_label=&#8221;Bro Text&#8221; _builder_version=&#8221;4.16&#8243; background_size=&#8221;initial&#8221; background_position=&#8221;top_left&#8221; background_repeat=&#8221;repeat&#8221; text_orientation=&#8221;center&#8221; module_alignment=&#8221;center&#8221; use_border_color=&#8221;off&#8221; border_color=&#8221;#ffffff&#8221; border_style=&#8221;solid&#8221; global_colors_info=&#8221;{}&#8221;]<\/p>\n<h4 style=\"text-align: center;\">Inis na Br\u00f3<\/h4>\n<p style=\"text-align: center;\">C\u00f3na\u00ed ann go dt\u00ed l\u00e1r na haoise seo caite. Buaile caorach agus beith\u00edoch anseo ag muintir an Bhlascaoid Mh\u00f3ir. Ionad m\u00f3r seilge do r\u00f3nta ba ea na pluaiseanna ar an dtaobh thuaidh.<\/p>\n<p>[\/et_pb_text][et_pb_divider color=&#8221;#606060&#8243; _builder_version=&#8221;4.16&#8243; hide_on_mobile=&#8221;off&#8221; global_colors_info=&#8221;{}&#8221;]<br \/>\n[\/et_pb_divider][et_pb_text admin_label=&#8221;Uibhleain Text&#8221; _builder_version=&#8221;4.16&#8243; background_size=&#8221;initial&#8221; background_position=&#8221;top_left&#8221; background_repeat=&#8221;repeat&#8221; text_orientation=&#8221;center&#8221; module_alignment=&#8221;center&#8221; use_border_color=&#8221;off&#8221; border_color=&#8221;#ffffff&#8221; border_style=&#8221;solid&#8221; global_colors_info=&#8221;{}&#8221;]<\/p>\n<h4 style=\"text-align: center;\">Inis Mhic Uibhle\u00e1in<\/h4>\n<p style=\"text-align: center;\">\u00c1itreabh mhuintir Dh\u00e1laigh go dt\u00ed gur tr\u00e9igeadh \u00e9 sa bhliain 1904. Fothrach seanmhainistreach ann.\u00a0\u00c1itreabh samhraidh Chathail U\u00ed Eochaidh, iar-Thaoiseach.<\/p>\n<p>[\/et_pb_text][et_pb_divider color=&#8221;#606060&#8243; _builder_version=&#8221;4.16&#8243; hide_on_mobile=&#8221;off&#8221; global_colors_info=&#8221;{}&#8221;]<br \/>\n[\/et_pb_divider][et_pb_text admin_label=&#8221;Blasket Text&#8221; _builder_version=&#8221;4.16&#8243; background_size=&#8221;initial&#8221; background_position=&#8221;top_left&#8221; background_repeat=&#8221;repeat&#8221; text_orientation=&#8221;center&#8221; module_alignment=&#8221;center&#8221; use_border_color=&#8221;off&#8221; border_color=&#8221;#ffffff&#8221; border_style=&#8221;solid&#8221; global_colors_info=&#8221;{}&#8221;]<\/p>\n<h4 style=\"text-align: center;\">An Blascaod M\u00f3r \/ An tOile\u00e1n Tiar<\/h4>\n<p style=\"text-align: center;\">5.2km ar fad agus 1km ag an ionad is leithne. An baile ar an dtaobh thoir agus a aghaidh ar an m\u00edntir. An Tr\u00e1igh Bh\u00e1in laist\u00edos de. C\u00faig chilim\u00e9adar is ea an turas b\u00e1id \u00f3 ch\u00e9 Dh\u00fan Chaoin.<\/p>\n<p>[\/et_pb_text][et_pb_divider color=&#8221;#606060&#8243; _builder_version=&#8221;4.16&#8243; hide_on_mobile=&#8221;off&#8221; global_colors_info=&#8221;{}&#8221;]<br \/>\n[\/et_pb_divider][\/et_pb_column][\/et_pb_row][\/et_pb_section]<\/p>\n","protected":false},"excerpt":{"rendered":"<p>Na hOile\u00e1in Beiginis An-oile\u00e1n chun f\u00e9ir is ea \u00e9 agus chuireadh na hoile\u00e1naigh beith\u00edgh &#8211; caoirigh agus uain ach go h\u00e1irith &#8211; ar f\u00e9arach ann. T\u00e1 fothrach \u00e1itribh le haoire caorach ar an oile\u00e1n. Tiaracht An t-oile\u00e1n is sia siar ar fad de na Blascaoda\u00ed. Teach solais ann \u00f3 1870. Bh\u00edodh cl\u00famh \u00f3 \u00e9anlaith na [&hellip;]<\/p>\n","protected":false},"author":9,"featured_media":0,"parent":0,"menu_order":0,"comment_status":"closed","ping_status":"closed","template":"","meta":{"_et_pb_use_builder":"on","_et_pb_old_content":"","_et_gb_content_width":"","footnotes":""},"class_list":["post-3085","page","type-page","status-publish","hentry"],"_links":{"self":[{"href":"https:\/\/www.blaskets.ie\/ga\/wp-json\/wp\/v2\/pages\/3085","targetHints":{"allow":["GET"]}}],"collection":[{"href":"https:\/\/www.blaskets.ie\/ga\/wp-json\/wp\/v2\/pages"}],"about":[{"href":"https:\/\/www.blaskets.ie\/ga\/wp-json\/wp\/v2\/types\/page"}],"author":[{"embeddable":true,"href":"https:\/\/www.blaskets.ie\/ga\/wp-json\/wp\/v2\/users\/9"}],"replies":[{"embeddable":true,"href":"https:\/\/www.blaskets.ie\/ga\/wp-json\/wp\/v2\/comments?post=3085"}],"version-history":[{"count":5,"href":"https:\/\/www.blaskets.ie\/ga\/wp-json\/wp\/v2\/pages\/3085\/revisions"}],"predecessor-version":[{"id":4601,"href":"https:\/\/www.blaskets.ie\/ga\/wp-json\/wp\/v2\/pages\/3085\/revisions\/4601"}],"wp:attachment":[{"href":"https:\/\/www.blaskets.ie\/ga\/wp-json\/wp\/v2\/media?parent=3085"}],"curies":[{"name":"wp","href":"https:\/\/api.w.org\/{rel}","templated":true}]}}