{"id":3121,"date":"2016-04-10T09:07:30","date_gmt":"2016-04-10T09:07:30","guid":{"rendered":"http:\/\/blasket.hazelheritage.com\/wordpress\/?page_id=3121"},"modified":"2016-04-26T08:47:14","modified_gmt":"2016-04-26T08:47:14","slug":"an-baile","status":"publish","type":"page","link":"https:\/\/www.blaskets.ie\/ga\/an-baile\/","title":{"rendered":"An Baile"},"content":{"rendered":"<p>[et_pb_section admin_label=&#8221;section&#8221; fullwidth=&#8221;off&#8221; specialty=&#8221;off&#8221; transparent_background=&#8221;off&#8221; background_color=&#8221;#65a1d7&#8243; inner_shadow=&#8221;off&#8221; parallax=&#8221;off&#8221; parallax_method=&#8221;off&#8221; allow_player_pause=&#8221;off&#8221; padding_mobile=&#8221;off&#8221; make_fullwidth=&#8221;off&#8221; use_custom_width=&#8221;off&#8221; width_unit=&#8221;on&#8221; make_equal=&#8221;off&#8221; use_custom_gutter=&#8221;off&#8221;][et_pb_row admin_label=&#8221;row&#8221;][et_pb_column type=&#8221;4_4&#8243;][et_pb_text admin_label=&#8221;The Village Header Text&#8221; background_layout=&#8221;dark&#8221; text_orientation=&#8221;left&#8221; use_border_color=&#8221;off&#8221; border_color=&#8221;#ffffff&#8221; border_style=&#8221;solid&#8221;]<\/p>\n<h1>An Baile<\/h1>\n<p>[\/et_pb_text][\/et_pb_column][\/et_pb_row][\/et_pb_section][et_pb_section admin_label=&#8221;Section&#8221; fullwidth=&#8221;off&#8221; specialty=&#8221;off&#8221; background_image=&#8221;http:\/\/blasket.ie\/wp-content\/uploads\/2014\/10\/banner-1.jpg&#8221; transparent_background=&#8221;off&#8221; allow_player_pause=&#8221;off&#8221; inner_shadow=&#8221;off&#8221; parallax=&#8221;off&#8221; parallax_method=&#8221;off&#8221; padding_mobile=&#8221;off&#8221; make_fullwidth=&#8221;off&#8221; use_custom_width=&#8221;off&#8221; width_unit=&#8221;on&#8221; make_equal=&#8221;off&#8221; use_custom_gutter=&#8221;off&#8221;][et_pb_row admin_label=&#8221;Row&#8221;][et_pb_column type=&#8221;4_4&#8243;][et_pb_divider admin_label=&#8221;Image Divider&#8221; color=&#8221;#ffffff&#8221; show_divider=&#8221;off&#8221; height=&#8221;300&#8243; divider_style=&#8221;solid&#8221; divider_position=&#8221;top&#8221; hide_on_mobile=&#8221;off&#8221;] [\/et_pb_divider][\/et_pb_column][\/et_pb_row][\/et_pb_section][et_pb_section admin_label=&#8221;Section&#8221; fullwidth=&#8221;off&#8221; specialty=&#8221;off&#8221;][et_pb_row admin_label=&#8221;Row&#8221;][et_pb_column type=&#8221;1_3&#8243;][et_pb_testimonial admin_label=&#8221;Charles Smith Testimonial&#8221; author=&#8221;Dr Charles Smith, \u2018The Ancient and Present State of the County of Kerry,\u2019 Dublin 1774, p. 183&#8243; url_new_window=&#8221;off&#8221; quote_icon=&#8221;on&#8221; use_background_color=&#8221;on&#8221; background_color=&#8221;#f5f5f5&#8243; background_layout=&#8221;light&#8221; text_orientation=&#8221;left&#8221; use_border_color=&#8221;off&#8221; border_color=&#8221;#ffffff&#8221; border_style=&#8221;solid&#8221;] The island called Innismore, i.e. the great island, is about three miles in length. It hath an high mountain, with some arable ground towards the N.E. end: five or six families reside on it, who pay tithes to a very distant parish called Ballinvohir. The inhabitants are strong, lusty and healthy, and, what is very surprising, neither man, woman or child, died on it for the space of forty five years before I was there, although several persons, who, during that period, came over to the main land, fell sick and died out of the island, almost in sight of their usual abode\u2026.On this island are the ruins of a very ancient church. [\/et_pb_testimonial][\/et_pb_column][et_pb_column type=&#8221;2_3&#8243;][et_pb_testimonial admin_label=&#8221;Cr\u00edost\u00f3ir Mac C\u00e1rthaigh Testimonial&#8221; author=&#8221;Cr\u00edost\u00f3ir Mac C\u00e1rthaigh &amp; Barry O&#8217;Reilly, &#8216;\u00d3 Bhun go Barr an Bhaile&#8217; in Northern Lights: Aist\u00ed in adhn\u00f3 do Bho Almqvist, 2001, p. 155-156&#8243; url_new_window=&#8221;off&#8221; quote_icon=&#8221;on&#8221; use_background_color=&#8221;on&#8221; background_color=&#8221;#f5f5f5&#8243; background_layout=&#8221;light&#8221; text_orientation=&#8221;left&#8221; use_border_color=&#8221;off&#8221; border_color=&#8221;#ffffff&#8221; border_style=&#8221;solid&#8221;]<\/p>\n<p>It is likely that modern settlement was centred initially on the lower half of the village and progressed uphill. The 1842 edition of the Ordnance Survey&#8217;s six-inch map shows two parallel terraces of three houses (since rebuilt) in this area, close to the small headland of Rinn an Chaisle\u00e1in which overlooks the harbour&#8230;<br \/>\n&#8230;The village is sited on a hill slope at the eastern end of the Great Blasket Island, at a point nearest the mainland. Buildings are grouped in clusters, terraced in some of the oldest parts, and otherwise running parallel to one another. There is a distance of some 200 metres from the lower end of the Lower Village to the highest sited building in the Upper Village, a climb of fifty metres. The village extends about 300 metres along the side of the hill, the slope of the hill decreasing as it approaches the sea, ending abruptly in 20-30m high cliffs. As was the practice on the mainland, the site was chosen primarily for the shelter the hill-slope offered, and the older, vernacular buildings, all of the orientated NE\/SW) are set into the slope at right angles to the contours. The front of these buildings, therefore, face towards the south, another characteristic of vernacular building in the district.<\/p>\n<p>[\/et_pb_testimonial][\/et_pb_column][\/et_pb_row][et_pb_row admin_label=&#8221;Row&#8221;][et_pb_column type=&#8221;4_4&#8243;][et_pb_image admin_label=&#8221;House Graph Image&#8221; src=&#8221;http:\/\/blasket.ie\/wp-content\/uploads\/2016\/04\/tigh-1.jpg&#8221; show_in_lightbox=&#8221;on&#8221; url_new_window=&#8221;off&#8221; use_overlay=&#8221;off&#8221; animation=&#8221;off&#8221; sticky=&#8221;off&#8221; align=&#8221;center&#8221; force_fullwidth=&#8221;off&#8221; always_center_on_mobile=&#8221;on&#8221; use_border_color=&#8221;off&#8221; border_color=&#8221;#ffffff&#8221; border_style=&#8221;solid&#8221;] [\/et_pb_image][\/et_pb_column][\/et_pb_row][et_pb_row admin_label=&#8221;Row&#8221;][et_pb_column type=&#8221;4_4&#8243;][et_pb_testimonial admin_label=&#8221;Tomas Testimonial&#8221; author=&#8221;Tom\u00e1s \u00d3 Criomhthain, An tOile\u00e1nach, ceathr\u00fa cl\u00f3, 1967, Lch. 38&#8243; url_new_window=&#8221;off&#8221; quote_icon=&#8221;on&#8221; use_background_color=&#8221;on&#8221; background_color=&#8221;#f5f5f5&#8243; background_layout=&#8221;light&#8221; text_orientation=&#8221;left&#8221; use_border_color=&#8221;off&#8221; border_color=&#8221;#ffffff&#8221; border_style=&#8221;solid&#8221;]<\/p>\n<p>Is i gceann de sna tighthe me\u00e1nacha bh\u00ed mo chliabh\u00e1n-sa. Tigh beag cumhang go maith dob\u2019 \u00e9adh \u00e9 ach \u00e9 bheith slachtmhar, an m\u00e9id a bh\u00ed ann de, mar do bh\u00ed m\u2019athair ana-chliste is n\u00edor bhuail aon leisce riamh mo mh\u00e1thair. Turn olla, aic\u00ed, turn l\u00edn, carda\u00ed; do bh\u00edodh uirthi sn\u00e1ith\u00edn do shn\u00edomh do\u2019n dt\u00e1illi\u00fair anuas de\u2019n chuigil le n-a turn f\u00e9in. Ba mhinic a shn\u00edmh s\u00ed do bhud\u00f3ga ban eile, leis \u00e9 n\u00e1 b\u00edodh aon chl\u00f3 ortha f\u00e9in chun a dh\u00e9anta agus d\u00e1 mbeadh f\u00e9in n\u00e1 leigfeadh an leisce d\u00f3ibh \u00e9.<\/p>\n<p>Timpeall deich mbliana tar \u00e9is p\u00f3sta dhom do th\u00f3gas tigh nua. N\u00edor sh\u00edn fear cloch chugham, n\u00e1 mairt\u00e9al, faid a bh\u00edos \u00e1 dh\u00e9anamh agus do chuireas f\u00e9in ceann air. N\u00ed tigh m\u00f3r \u00e9; mar sin f\u00e9in d\u00e1 mbeadh R\u00ed Seoirse ar a laethanta saoire ar feadh m\u00ed ann n\u00edorbh \u00e9 gr\u00e1inneacht an tighe ba ghalar b\u00e1is do.<\/p>\n<p>[\/et_pb_testimonial][\/et_pb_column][\/et_pb_row][et_pb_row admin_label=&#8221;Row&#8221;][et_pb_column type=&#8221;4_4&#8243;][et_pb_image admin_label=&#8221;Village Photo Image&#8221; src=&#8221;http:\/\/blasket.ie\/wp-content\/uploads\/2016\/03\/73-1.jpg&#8221; alt=&#8221;Radharc ar an mbaile sna 1920\u00ed. Is sa tigh i l\u00e1r an ghrianghraif, a bhfuil an chuid \u00edochtarach de ina fhothrach, a mhair Peig Sayers nuair a ph\u00f3s s\u00ed isteach san oile\u00e1n ar dt\u00fas.&#8221; title_text=&#8221;Radharc ar an mbaile sna 1920\u00ed. Is sa tigh i l\u00e1r an ghrianghraif, a bhfuil an chuid \u00edochtarach de ina fhothrach, a mhair Peig Sayers nuair a ph\u00f3s s\u00ed isteach san oile\u00e1n ar dt\u00fas.&#8221; show_in_lightbox=&#8221;on&#8221; url_new_window=&#8221;off&#8221; use_overlay=&#8221;off&#8221; animation=&#8221;off&#8221; sticky=&#8221;off&#8221; align=&#8221;center&#8221; force_fullwidth=&#8221;off&#8221; always_center_on_mobile=&#8221;on&#8221; use_border_color=&#8221;off&#8221; border_color=&#8221;#ffffff&#8221; border_style=&#8221;solid&#8221;] [\/et_pb_image][\/et_pb_column][\/et_pb_row][et_pb_row admin_label=&#8221;Row&#8221;][et_pb_column type=&#8221;4_4&#8243;][et_pb_text admin_label=&#8221;Village description Text&#8221; background_layout=&#8221;light&#8221; text_orientation=&#8221;left&#8221; use_border_color=&#8221;off&#8221; border_color=&#8221;#ffffff&#8221; border_style=&#8221;solid&#8221;]<\/p>\n<p>\u00c1ir\u00edodh 65 foirgneamh ar fad, ar fothraigh a bhformh\u00f3r, i suirbh\u00e9 a d\u00e9anadh ar bhaile an Bhlascaoid sa bhliain 1991. Tr\u00e1th, bh\u00ed suas le 29 dtigh c\u00f3naithe ar an mbaile agus bh\u00edodh ainmhithe acu i bhfoirgnimh eile. Bh\u00edodh ainmhithe feirme acu ina dtithe c\u00f3naithe chomh maith, uair d\u00e1 raibh.<\/p>\n<p>N\u00edl ach beag\u00e1n acu seo a bhf\u00e9adfadh duine maireacht\u00e1il iontu anois le haon chompord, mar go bhfuil an saol is an aimsir tar \u00e9is fothraigh folmha a dh\u00e9anamh d\u00e1 bhformh\u00f3r agus cuid acu le\u00e1ite isteach ar an gcliath\u00e1n cnoic ar a bhfuil siad suite. \u201cAn Baile a thugadh na Blascaodaigh ar an gcnuasach de thithe c\u00f3naithe a bh\u00ed acu.<\/p>\n<p>T\u00f3gadh na tithe ar fad i bhfothain an chnoic agus na binnteacha th\u00edos iontu ar thaobh na farraige. Th\u00f3g Bord na gCeantar gC\u00fang c\u00faig cinn de thithe nua c. 1910 agus t\u00f3gadh tigh l\u00f3ist\u00edn dh\u00e1 st\u00f3r eile ar an dtaobh \u00f3 dheas den mbaile ina dhiaidh sin.<\/p>\n<p>[\/et_pb_text][\/et_pb_column][\/et_pb_row][\/et_pb_section][et_pb_section admin_label=&#8221;Section&#8221; fullwidth=&#8221;off&#8221; specialty=&#8221;off&#8221; transparent_background=&#8221;on&#8221; allow_player_pause=&#8221;off&#8221; inner_shadow=&#8221;off&#8221; parallax=&#8221;off&#8221; parallax_method=&#8221;off&#8221; padding_mobile=&#8221;off&#8221; make_fullwidth=&#8221;off&#8221; use_custom_width=&#8221;off&#8221; width_unit=&#8221;on&#8221; make_equal=&#8221;off&#8221; use_custom_gutter=&#8221;off&#8221;][et_pb_row admin_label=&#8221;Row&#8221;][et_pb_column type=&#8221;4_4&#8243;][et_pb_divider admin_label=&#8221;Divider&#8221; color=&#8221;#606060&#8243; show_divider=&#8221;on&#8221; divider_style=&#8221;solid&#8221; divider_position=&#8221;top&#8221; hide_on_mobile=&#8221;off&#8221;] [\/et_pb_divider][\/et_pb_column][\/et_pb_row][et_pb_row admin_label=&#8221;Row&#8221;][et_pb_column type=&#8221;4_4&#8243;][et_pb_cta admin_label=&#8221;Call To Action&#8221; title=&#8221;Lean sc\u00e9al an bhaile ar an mBlascaod M\u00f3r go dt\u00ed gur tr\u00e9igeadh \u00e9 ar deireadh sna 1950id\u00ed.&#8221; button_url=&#8221;http:\/\/blasket.ie\/an-imirce\/&#8221; url_new_window=&#8221;off&#8221; button_text=&#8221;L\u00e9igh a Thuilleadh&#8221; use_background_color=&#8221;off&#8221; background_color=&#8221;#7f7f7f&#8221; background_layout=&#8221;light&#8221; text_orientation=&#8221;center&#8221; header_font=&#8221;Droid Serif||||&#8221; header_font_size=&#8221;15&#8243; use_border_color=&#8221;off&#8221; border_color=&#8221;#ffffff&#8221; border_style=&#8221;solid&#8221; custom_button=&#8221;on&#8221; button_text_size=&#8221;15&#8243; button_border_width=&#8221;1&#8243; button_letter_spacing=&#8221;0&#8243; button_use_icon=&#8221;default&#8221; button_icon_placement=&#8221;right&#8221; button_on_hover=&#8221;on&#8221; button_letter_spacing_hover=&#8221;0&#8243;] [\/et_pb_cta][\/et_pb_column][\/et_pb_row][\/et_pb_section]<\/p>\n","protected":false},"excerpt":{"rendered":"<p>An Baile The island called Innismore, i.e. the great island, is about three miles in length. It hath an high mountain, with some arable ground towards the N.E. end: five or six families reside on it, who pay tithes to a very distant parish called Ballinvohir. The inhabitants are strong, lusty and healthy, and, what [&hellip;]<\/p>\n","protected":false},"author":9,"featured_media":0,"parent":0,"menu_order":0,"comment_status":"closed","ping_status":"closed","template":"","meta":{"_et_pb_use_builder":"on","_et_pb_old_content":"","_et_gb_content_width":"","footnotes":""},"class_list":["post-3121","page","type-page","status-publish","hentry"],"_links":{"self":[{"href":"https:\/\/www.blaskets.ie\/ga\/wp-json\/wp\/v2\/pages\/3121","targetHints":{"allow":["GET"]}}],"collection":[{"href":"https:\/\/www.blaskets.ie\/ga\/wp-json\/wp\/v2\/pages"}],"about":[{"href":"https:\/\/www.blaskets.ie\/ga\/wp-json\/wp\/v2\/types\/page"}],"author":[{"embeddable":true,"href":"https:\/\/www.blaskets.ie\/ga\/wp-json\/wp\/v2\/users\/9"}],"replies":[{"embeddable":true,"href":"https:\/\/www.blaskets.ie\/ga\/wp-json\/wp\/v2\/comments?post=3121"}],"version-history":[{"count":5,"href":"https:\/\/www.blaskets.ie\/ga\/wp-json\/wp\/v2\/pages\/3121\/revisions"}],"predecessor-version":[{"id":3867,"href":"https:\/\/www.blaskets.ie\/ga\/wp-json\/wp\/v2\/pages\/3121\/revisions\/3867"}],"wp:attachment":[{"href":"https:\/\/www.blaskets.ie\/ga\/wp-json\/wp\/v2\/media?parent=3121"}],"curies":[{"name":"wp","href":"https:\/\/api.w.org\/{rel}","templated":true}]}}